{"id":380,"date":"2025-10-27T14:31:21","date_gmt":"2025-10-27T14:31:21","guid":{"rendered":"https:\/\/deltaclassic.eu\/?page_id=380"},"modified":"2026-01-13T13:11:41","modified_gmt":"2026-01-13T13:11:41","slug":"koszonjuk","status":"publish","type":"page","link":"https:\/\/deltaclassic.eu\/de\/koszonjuk\/","title":{"rendered":"K\u00f6sz\u00f6nj\u00fck"},"content":{"rendered":"<div data-elementor-type=\"wp-page\" data-elementor-id=\"380\" class=\"elementor elementor-380\" data-elementor-post-type=\"page\">\n\t\t\t\t<div class=\"elementor-element elementor-element-1f2d783 e-flex e-con-boxed e-con e-parent\" data-id=\"1f2d783\" data-element_type=\"container\">\n\t\t\t\t\t<div class=\"e-con-inner\">\n\t\t\t\t<div class=\"elementor-element elementor-element-33415ff elementor-widget elementor-widget-theme-site-logo elementor-widget-image\" data-id=\"33415ff\" data-element_type=\"widget\" data-widget_type=\"theme-site-logo.default\">\n\t\t\t\t\t\t\t\t\t\t\t<a href=\"https:\/\/deltaclassic.eu\/de\">\n\t\t\t<img decoding=\"async\" width=\"120\" height=\"120\" src=\"https:\/\/deltaclassic.eu\/wp-content\/uploads\/2025\/09\/Group-29.png\" class=\"attachment-full size-full wp-image-34\" alt=\"\" srcset=\"https:\/\/deltaclassic.eu\/wp-content\/uploads\/2025\/09\/Group-29.png 120w, https:\/\/deltaclassic.eu\/wp-content\/uploads\/2025\/09\/Group-29-12x12.png 12w, https:\/\/deltaclassic.eu\/wp-content\/uploads\/2025\/09\/elementor\/thumbs\/Group-29-rdky94tpafw1n2r6v2p9o325scir8h97oeiz5fq31k.png 100w, https:\/\/deltaclassic.eu\/wp-content\/uploads\/2025\/09\/elementor\/thumbs\/Group-29-rdky94tpetrosvkkaysdvoxzw2xx3nks9kzhrkrt1o.png 110w\" sizes=\"(max-width: 120px) 100vw, 120px\" \/>\t\t\t\t<\/a>\n\t\t\t\t\t\t\t\t\t\t\t<\/div>\n\t\t\t\t<div class=\"elementor-element elementor-element-1d018a6 elementor-widget elementor-widget-heading\" data-id=\"1d018a6\" data-element_type=\"widget\" data-widget_type=\"heading.default\">\n\t\t\t\t\t<h2 class=\"elementor-heading-title elementor-size-default\">K\u00f6sz\u00f6nj\u00fck, a megkeres\u00e9s\u00e9t! <br>\nThank you for contacting us!<\/h2>\t\t\t\t<\/div>\n\t\t\t\t<div class=\"elementor-element elementor-element-d84b160 elementor-widget elementor-widget-text-editor\" data-id=\"d84b160\" data-element_type=\"widget\" data-widget_type=\"text-editor.default\">\n\t\t\t\t\t\t\t\t\t<p>Munkat\u00e1rsaink hamarosan felveszik \u00d6nnel a kapcsolatot.<\/p><p>We are going to contact you soon!<\/p>\t\t\t\t\t\t\t\t<\/div>\n\t\t<div class=\"elementor-element elementor-element-a147928 e-con-full e-flex e-con e-child\" data-id=\"a147928\" data-element_type=\"container\">\n\t\t<div class=\"elementor-element elementor-element-8ffcbc8 e-con-full e-flex e-con e-child\" data-id=\"8ffcbc8\" data-element_type=\"container\">\n\t\t\t\t<div class=\"elementor-element elementor-element-28150f9 elementor-mobile-align-justify elementor-widget elementor-widget-button\" data-id=\"28150f9\" data-element_type=\"widget\" data-widget_type=\"button.default\">\n\t\t\t\t\t\t\t\t\t\t<a class=\"elementor-button elementor-button-link elementor-size-sm\" href=\"\/de\/\">\n\t\t\t\t\t\t<span class=\"elementor-button-content-wrapper\">\n\t\t\t\t\t\t<span class=\"elementor-button-icon\">\n\t\t\t\t<svg aria-hidden=\"true\" class=\"e-font-icon-svg e-fas-chevron-right\" viewbox=\"0 0 320 512\" xmlns=\"http:\/\/www.w3.org\/2000\/svg\"><path d=\"M285.476 272.971L91.132 467.314c-9.373 9.373-24.569 9.373-33.941 0l-22.667-22.667c-9.357-9.357-9.375-24.522-.04-33.901L188.505 256 34.484 101.255c-9.335-9.379-9.317-24.544.04-33.901l22.667-22.667c9.373-9.373 24.569-9.373 33.941 0L285.475 239.03c9.373 9.372 9.373 24.568.001 33.941z\"><\/path><\/svg>\t\t\t<\/span>\n\t\t\t\t\t\t\t\t\t<span class=\"elementor-button-text\">vissza a f\u0151oldalra<\/span>\n\t\t\t\t\t<\/span>\n\t\t\t\t\t<\/a>\n\t\t\t\t\t\t\t\t<\/div>\n\t\t\t\t<div class=\"elementor-element elementor-element-98b3f07 elementor-mobile-align-justify elementor-widget elementor-widget-button\" data-id=\"98b3f07\" data-element_type=\"widget\" data-widget_type=\"button.default\">\n\t\t\t\t\t\t\t\t\t\t<a class=\"elementor-button elementor-button-link elementor-size-sm\" href=\"#referenciak\">\n\t\t\t\t\t\t<span class=\"elementor-button-content-wrapper\">\n\t\t\t\t\t\t\t\t\t<span class=\"elementor-button-text\">tekintse meg referenci\u00e1ink<\/span>\n\t\t\t\t\t<\/span>\n\t\t\t\t\t<\/a>\n\t\t\t\t\t\t\t\t<\/div>\n\t\t\t\t<\/div>\n\t\t\t\t<\/div>\n\t\t\t\t\t<\/div>\n\t\t\t\t<\/div>\n\t\t\t\t<\/div>","protected":false},"excerpt":{"rendered":"<p>K\u00f6sz\u00f6nj\u00fck, a megkeres\u00e9s\u00e9t! Thank you for contacting us! Munkat\u00e1rsaink hamarosan felveszik \u00d6nnel a kapcsolatot. We are going to contact you soon! vissza a f\u0151oldalra tekintse meg referenci\u00e1ink<\/p>","protected":false},"author":1,"featured_media":0,"parent":0,"menu_order":0,"comment_status":"closed","ping_status":"closed","template":"","meta":{"footnotes":""},"class_list":["post-380","page","type-page","status-publish","hentry"],"_links":{"self":[{"href":"https:\/\/deltaclassic.eu\/de\/wp-json\/wp\/v2\/pages\/380","targetHints":{"allow":["GET"]}}],"collection":[{"href":"https:\/\/deltaclassic.eu\/de\/wp-json\/wp\/v2\/pages"}],"about":[{"href":"https:\/\/deltaclassic.eu\/de\/wp-json\/wp\/v2\/types\/page"}],"author":[{"embeddable":true,"href":"https:\/\/deltaclassic.eu\/de\/wp-json\/wp\/v2\/users\/1"}],"replies":[{"embeddable":true,"href":"https:\/\/deltaclassic.eu\/de\/wp-json\/wp\/v2\/comments?post=380"}],"version-history":[{"count":7,"href":"https:\/\/deltaclassic.eu\/de\/wp-json\/wp\/v2\/pages\/380\/revisions"}],"predecessor-version":[{"id":780,"href":"https:\/\/deltaclassic.eu\/de\/wp-json\/wp\/v2\/pages\/380\/revisions\/780"}],"wp:attachment":[{"href":"https:\/\/deltaclassic.eu\/de\/wp-json\/wp\/v2\/media?parent=380"}],"curies":[{"name":"wp","href":"https:\/\/api.w.org\/{rel}","templated":true}]}}